{"id":245,"date":"2024-02-05T06:43:03","date_gmt":"2024-02-05T06:43:03","guid":{"rendered":"http:\/\/localhost\/tradez\/?page_id=245"},"modified":"2026-03-13T13:35:53","modified_gmt":"2026-03-13T13:35:53","slug":"markets","status":"publish","type":"page","link":"https:\/\/strcoinltd.com\/cs\/markets\/","title":{"rendered":"Trhy"},"content":{"rendered":"<div data-elementor-type=\"wp-page\" data-elementor-id=\"245\" class=\"elementor elementor-245\">\n\t\t\t\t<div class=\"elementor-element elementor-element-17f1680 e-flex e-con-boxed e-con e-parent\" data-id=\"17f1680\" data-element_type=\"container\">\n\t\t\t\t\t<div class=\"e-con-inner\">\n\t\t\t\t<div class=\"elementor-element elementor-element-17cc59a elementor-invisible elementor-widget elementor-widget-heading\" data-id=\"17cc59a\" data-element_type=\"widget\" data-settings=\"{&quot;_animation&quot;:&quot;zoomIn&quot;}\" data-widget_type=\"heading.default\">\n\t\t\t\t<div class=\"elementor-widget-container\">\n\t\t\t\t\t<h1 class=\"elementor-heading-title elementor-size-default\">Keep up with the latest updates and news!<\/h1>\t\t\t\t<\/div>\n\t\t\t\t<\/div>\n\t\t\t\t<div class=\"elementor-element elementor-element-daf7744 elementor-widget elementor-widget-text-editor\" data-id=\"daf7744\" data-element_type=\"widget\" data-widget_type=\"text-editor.default\">\n\t\t\t\t<div class=\"elementor-widget-container\">\n\t\t\t\t\t\t\t\t\t<h2>Stay informed with the newest updates and use the latest insights to guide your trading and investment decisions.<\/h2>\t\t\t\t\t\t\t\t<\/div>\n\t\t\t\t<\/div>\n\t\t\t\t\t<\/div>\n\t\t\t\t<\/div>\n\t\t<div class=\"elementor-element elementor-element-3472c4c e-con-full e-flex e-con e-parent\" data-id=\"3472c4c\" data-element_type=\"container\">\n\t\t<div class=\"elementor-element elementor-element-46675e6 container mx-auto e-flex e-con-boxed e-con e-child\" data-id=\"46675e6\" data-element_type=\"container\">\n\t\t\t\t\t<div class=\"e-con-inner\">\n\t\t<div class=\"elementor-element elementor-element-479d53b e-con-full e-flex e-con e-child\" data-id=\"479d53b\" data-element_type=\"container\">\n\t\t\t\t<div class=\"elementor-element elementor-element-8acbb87 elementor-widget elementor-widget-html\" data-id=\"8acbb87\" data-element_type=\"widget\" data-widget_type=\"html.default\">\n\t\t\t\t<div class=\"elementor-widget-container\">\n\t\t\t\t\t<!-- TradingView Widget BEGIN -->\n<div class=\"tradingview-widget-container\">\n  <div class=\"tradingview-widget-container__widget\"><\/div>\n  <div class=\"tradingview-widget-copyright\"><a href=\"https:\/\/www.tradingview.com\/\" rel=\"noopener nofollow\" target=\"_blank\"><\/a><\/div>\n  <script type=\"text\/javascript\" src=\"https:\/\/s3.tradingview.com\/external-embedding\/embed-widget-timeline.js\" async>\n  {\n  \"feedMode\": \"all_symbols\",\n  \"isTransparent\": true,\n  \"displayMode\": \"adaptive\",\n  \"width\": \"100%\",\n  \"height\": \"800\",\n  \"colorTheme\": \"dark\",\n  \"locale\": \"en\"\n}\n  <\/script>\n<\/div>\n<!-- TradingView Widget END -->\t\t\t\t<\/div>\n\t\t\t\t<\/div>\n\t\t\t\t<\/div>\n\t\t\t\t\t<\/div>\n\t\t\t\t<\/div>\n\t\t\t\t<\/div>\n\t\t<div class=\"elementor-element elementor-element-c2c04f5 e-flex e-con-boxed e-con e-parent\" data-id=\"c2c04f5\" data-element_type=\"container\" data-settings=\"{&quot;background_background&quot;:&quot;classic&quot;}\">\n\t\t\t\t\t<div class=\"e-con-inner\">\n\t\t<div class=\"elementor-element elementor-element-a9dbb5e container m-auto e-flex e-con-boxed e-con e-child\" data-id=\"a9dbb5e\" data-element_type=\"container\">\n\t\t\t\t\t<div class=\"e-con-inner\">\n\t\t\t\t<div class=\"elementor-element elementor-element-5967686 elementor-widget elementor-widget-tp-register\" data-id=\"5967686\" data-element_type=\"widget\" data-widget_type=\"tp-register.default\">\n\t\t\t\t<div class=\"elementor-widget-container\">\n\t\t\t\t\t\r\n\r\n\r\n\r\n\r\n\r\n        <div class=\"start-earning nb3-bg cus-rounded-2 d-flex align-items-center p-4 p-sm-6 p-md-10 p-lg-15 p-xl-20 pe-lg-6 pe-xl-16 overflow-hidden position-relative\">\r\n            <div class=\"vector_effect position-absolute d-center justify-content-end end-0  d-flex gap-20\">\r\n                <img decoding=\"async\" src=\"https:\/\/strcoinltd.com\/wp-content\/themes\/tradez\/assets\/images\/star2.png\" alt=\"vector\" class=\"d-none d-xxl-flex push_animat\">\r\n                <img decoding=\"async\" src=\"https:\/\/strcoinltd.com\/wp-content\/themes\/tradez\/assets\/images\/star_focus.png\" alt=\"vector\" class=\"d-none d-sm-flex rotate time_dur ms-auto ms-lg-0 me-md-5\">\r\n            <\/div>\r\n            <div class=\"row gy-6 w-100 text-center text-sm-start align-items-center justify-content-sm-between\">\r\n                <div class=\"col-sm-8\">\r\n                                            <h2 class=\"title\">Begin your journey to success today<\/h2>\r\n                                                                <p class=\"description fs-six-up fw_500 mt-5\">Begin with a small minimum deposit to test and explore the platform.<\/p>\r\n                                    <\/div>\r\n                                    <div class=\"col-sm-4 text-sm-end\">\r\n                        <a href=\"https:\/\/cab.strcointrd.com\/register\" class=\"cmn-btn secondary-alt ms-auto fs-five nb4-xxl-bg gap-2 align-items-center  py-2 px-4 py-lg-3 px-lg-5\">Za\u010dn\u011bte nyn\u00ed <i class=\"ti ti-arrow-right fs-four\"><\/i><\/a>\r\n                    <\/div>\r\n                \r\n            <\/div>\r\n        <\/div>\r\n\r\n\r\n\r\n\r\n\r\n\t\t\t\t<\/div>\n\t\t\t\t<\/div>\n\t\t\t\t\t<\/div>\n\t\t\t\t<\/div>\n\t\t\t\t\t<\/div>\n\t\t\t\t<\/div>\n\t\t\t\t<\/div>","protected":false},"excerpt":{"rendered":"<p>Keep up with the latest updates and news! Stay informed with the newest updates and use the latest insights to guide your trading and investment decisions. Begin your journey to success today Begin with a small minimum deposit to test and explore the platform. Start Now!<\/p>","protected":false},"author":2,"featured_media":0,"parent":0,"menu_order":0,"comment_status":"closed","ping_status":"closed","template":"","meta":{"_acf_changed":false,"nf_dc_page":"","inline_featured_image":false,"footnotes":""},"class_list":["post-245","page","type-page","status-publish","hentry"],"acf":[],"_hostinger_reach_plugin_has_subscription_block":false,"_hostinger_reach_plugin_is_elementor":false,"_links":{"self":[{"href":"https:\/\/strcoinltd.com\/cs\/wp-json\/wp\/v2\/pages\/245","targetHints":{"allow":["GET"]}}],"collection":[{"href":"https:\/\/strcoinltd.com\/cs\/wp-json\/wp\/v2\/pages"}],"about":[{"href":"https:\/\/strcoinltd.com\/cs\/wp-json\/wp\/v2\/types\/page"}],"author":[{"embeddable":true,"href":"https:\/\/strcoinltd.com\/cs\/wp-json\/wp\/v2\/users\/2"}],"replies":[{"embeddable":true,"href":"https:\/\/strcoinltd.com\/cs\/wp-json\/wp\/v2\/comments?post=245"}],"version-history":[{"count":11,"href":"https:\/\/strcoinltd.com\/cs\/wp-json\/wp\/v2\/pages\/245\/revisions"}],"predecessor-version":[{"id":2283,"href":"https:\/\/strcoinltd.com\/cs\/wp-json\/wp\/v2\/pages\/245\/revisions\/2283"}],"wp:attachment":[{"href":"https:\/\/strcoinltd.com\/cs\/wp-json\/wp\/v2\/media?parent=245"}],"curies":[{"name":"wp","href":"https:\/\/api.w.org\/{rel}","templated":true}]}}