{"id":270,"date":"2024-02-05T06:46:45","date_gmt":"2024-02-05T06:46:45","guid":{"rendered":"http:\/\/localhost\/tradez\/?page_id=270"},"modified":"2024-07-10T09:33:38","modified_gmt":"2024-07-10T09:33:38","slug":"privacy-policy-2","status":"publish","type":"page","link":"https:\/\/strcoinltd.com\/cs\/privacy-policy-2\/","title":{"rendered":"Z\u00e1sady ochrany osobn\u00edch \u00fadaj\u016f"},"content":{"rendered":"<div data-elementor-type=\"wp-page\" data-elementor-id=\"270\" class=\"elementor elementor-270\">\n\t\t\t\t<div class=\"elementor-element elementor-element-23ca8a04 e-flex e-con-boxed e-con e-parent\" data-id=\"23ca8a04\" data-element_type=\"container\">\n\t\t\t\t\t<div class=\"e-con-inner\">\n\t\t\t\t<div class=\"elementor-element elementor-element-1227882 elementor-widget elementor-widget-text-editor\" data-id=\"1227882\" data-element_type=\"widget\" data-widget_type=\"text-editor.default\">\n\t\t\t\t<div class=\"elementor-widget-container\">\n\t\t\t\t\t\t\t\t\t<p>\u00a0<\/p><section class=\"privacy-policy\"><div class=\"container\"><div class=\"row justify-content-center\"><div class=\"col-lg-10 col-xxl-8\"><div class=\"nb3-lg-bg pb-0 pb-md-4 p-4 p-sm-10 p-lg-15 cus-rounded-2\"><h2 class=\"text-center mb-10 mb-lg-15\">Z\u00e1sady ochrany osobn\u00edch \u00fadaj\u016f<\/h2><div class=\"privacy-policy__card d-flex flex-column gap-8 gap-lg-10\"><div class=\"privacy-policy__part\"><h5 class=\"mb-4\">Obecn\u00e9 informace<\/h5><p>Spole\u010dnost The Star Coin Company (d\u00e1le jen \u201espole\u010dnost\u201c, \u201emy\u201c, \u201ena\u0161e\u201c nebo \u201en\u00e1s\u201c) se zavazuje chr\u00e1nit soukrom\u00ed a osobn\u00ed \u00fadaje sv\u00fdch z\u00e1kazn\u00edk\u016f a u\u017eivatel\u016f na\u0161ich webov\u00fdch str\u00e1nek (d\u00e1le jen \u201estr\u00e1nky\u201c). Tyto z\u00e1sady ochrany osobn\u00edch \u00fadaj\u016f vysv\u011btluj\u00ed, jak\u00e9 \u00fadaje shroma\u017e\u010fujeme, jak je pou\u017e\u00edv\u00e1me a jak\u00e9 kroky podnik\u00e1me k jejich ochran\u011b.<\/p><p>\u00a0<\/p><h5><span style=\"color: #ffffff;\">Shroma\u017e\u010fov\u00e1n\u00ed a pou\u017e\u00edv\u00e1n\u00ed informac\u00ed<\/span><\/h5><h5><span style=\"color: #ffffff;\">Osobn\u00ed \u00fadaje<\/span><\/h5><p><br \/>M\u016f\u017eeme shroma\u017e\u010fovat n\u00e1sleduj\u00edc\u00ed typy osobn\u00edch \u00fadaj\u016f:<\/p><p>\u00a0<\/p><ul><li>Jm\u00e9no, adresa, telefonn\u00ed \u010d\u00edslo a e-mailov\u00e1 adresa.<\/li><li>Finan\u010dn\u00ed informace, jako jsou bankovn\u00ed \u00fadaje a historie transakc\u00ed.<\/li><li>Doklady toto\u017enosti, jako je cestovn\u00ed pas nebo \u0159idi\u010dsk\u00fd pr\u016fkaz.<\/li><\/ul><h5><br \/>Neosobn\u00ed informace<\/h5><p><br \/>M\u016f\u017eeme tak\u00e9 shroma\u017e\u010fovat neosobn\u00ed informace, jako je va\u0161e pou\u017e\u00edv\u00e1n\u00ed str\u00e1nek, soubory cookie, IP adresa a \u00fadaje o prohl\u00ed\u017ee\u010di.<\/p><p>\u00a0<\/p><h5>Jak pou\u017e\u00edv\u00e1me shrom\u00e1\u017ed\u011bn\u00e9 informace<\/h5><p><br \/>Osobn\u00ed \u00fadaje mohou b\u00fdt pou\u017eity k:<\/p><p>\u00a0<\/p><ul><li>Poskytov\u00e1n\u00ed zprost\u0159edkovatelsk\u00fdch a finan\u010dn\u00edch slu\u017eeb.<\/li><li>Zpracov\u00e1n\u00ed a prov\u00e1d\u011bn\u00ed transakc\u00ed.<\/li><li>Zaji\u0161t\u011bn\u00ed bezpe\u010dnosti a prevence podvod\u016f.<\/li><li>Zaji\u0161t\u011bn\u00ed souladu s pr\u00e1vn\u00edmi po\u017eadavky.<\/li><\/ul><h5><br \/>Neosobn\u00ed informace<\/h5><p><br \/>Neosobn\u00ed informace mohou b\u00fdt pou\u017eity k:<\/p><p>\u00a0<\/p><ul><li>Zlep\u0161en\u00ed provozu na\u0161ich str\u00e1nek a obchodn\u00ed platformy.<\/li><li>Anal\u00fdza chov\u00e1n\u00ed u\u017eivatel\u016f.<\/li><li>Spr\u00e1va a \u00fadr\u017eba na\u0161ich str\u00e1nek.<\/li><\/ul><h5>Zp\u0159\u00edstupn\u011bn\u00ed t\u0159et\u00edm stran\u00e1m<\/h5><p><br \/>Va\u0161e osobn\u00ed \u00fadaje neprod\u00e1v\u00e1me, nepronaj\u00edm\u00e1me ani nesd\u00edl\u00edme s t\u0159et\u00edmi stranami s v\u00fdjimkou n\u00e1sleduj\u00edc\u00edch p\u0159\u00edpad\u016f:<\/p><p>\u00a0<\/p><ul><li>S va\u0161\u00edm souhlasem.<\/li><li>Spln\u011bn\u00ed z\u00e1konn\u00e9 povinnosti.<\/li><li>ochrana pr\u00e1v, majetku nebo bezpe\u010dnosti spole\u010dnosti, na\u0161ich z\u00e1kazn\u00edk\u016f nebo jin\u00fdch osob.<\/li><li>v p\u0159\u00edpad\u011b f\u00faze, akvizice nebo prodeje cel\u00e9ho na\u0161eho majetku nebo jeho \u010d\u00e1sti.<\/li><\/ul><h5>Ochrana \u00fadaj\u016f<\/h5><p><br \/>Podnik\u00e1me ve\u0161ker\u00e9 p\u0159im\u011b\u0159en\u00e9 kroky k ochran\u011b va\u0161ich osobn\u00edch \u00fadaj\u016f p\u0159ed neopr\u00e1vn\u011bn\u00fdm p\u0159\u00edstupem, pou\u017eit\u00edm nebo zve\u0159ejn\u011bn\u00edm. Tato opat\u0159en\u00ed zahrnuj\u00ed:<\/p><p>\u00a0<\/p><ul><li>Pou\u017e\u00edv\u00e1n\u00ed \u0161ifrov\u00e1n\u00ed dat.<\/li><li>Kontrola p\u0159\u00edstupu.<\/li><li>\u0160kolen\u00ed zam\u011bstnanc\u016f, kte\u0159\u00ed pracuj\u00ed s osobn\u00edmi \u00fadaji.<\/li><\/ul><h5><br \/>Uchov\u00e1v\u00e1n\u00ed dat<\/h5><p><br \/>Va\u0161e osobn\u00ed \u00fadaje budeme uchov\u00e1vat po dobu nezbytnou k napln\u011bn\u00ed \u00fa\u010del\u016f uveden\u00fdch v t\u011bchto Z\u00e1sad\u00e1ch ochrany osobn\u00edch \u00fadaj\u016f, pokud z\u00e1kon nevy\u017eaduje nebo nepovoluje del\u0161\u00ed dobu uchov\u00e1v\u00e1n\u00ed.<\/p><p>\u00a0<\/p><h5>Va\u0161e pr\u00e1va<\/h5><p><br \/>M\u00e1te pr\u00e1vo na:<\/p><p>\u00a0<\/p><ul><li>Z\u00edskat informace o va\u0161ich osobn\u00edch \u00fadaj\u00edch, kter\u00e9 uchov\u00e1v\u00e1me.<\/li><li>po\u017e\u00e1dat o opravu, aktualizaci nebo vymaz\u00e1n\u00ed sv\u00fdch osobn\u00edch \u00fadaj\u016f.<\/li><li>odm\u00edtnout zpracov\u00e1n\u00ed va\u0161ich \u00fadaj\u016f pro marketingov\u00e9 \u00fa\u010dely.<\/li><li>Chcete-li tato pr\u00e1va uplatnit, kontaktujte n\u00e1s na kontaktn\u00ed e-mailov\u00e9 adrese.<\/li><\/ul><p>\u00a0<\/p><h5>Zm\u011bny z\u00e1sad ochrany osobn\u00edch \u00fadaj\u016f<\/h5><p><br \/>Tyto z\u00e1sady ochrany osobn\u00edch \u00fadaj\u016f m\u016f\u017eeme \u010das od \u010dasu aktualizovat. V\u0161echny zm\u011bny budou zve\u0159ejn\u011bny na t\u00e9to str\u00e1nce s datem posledn\u00ed aktualizace. Doporu\u010dujeme v\u00e1m, abyste tuto str\u00e1nku pravideln\u011b kontrolovali, abyste z\u00edskali aktu\u00e1ln\u00ed informace o na\u0161ich Z\u00e1sad\u00e1ch ochrany osobn\u00edch \u00fadaj\u016f.<\/p><p>\u00a0<\/p><h5>Kontakty<\/h5><p><br \/>M\u00e1te-li jak\u00e9koli dotazy nebo p\u0159ipom\u00ednky k t\u011bmto z\u00e1sad\u00e1m ochrany osobn\u00edch \u00fadaj\u016f, kontaktujte n\u00e1s.<\/p><\/div><\/div><\/div><\/div><\/div><\/div><\/section>\t\t\t\t\t\t\t\t<\/div>\n\t\t\t\t<\/div>\n\t\t\t\t\t<\/div>\n\t\t\t\t<\/div>\n\t\t\t\t<\/div>","protected":false},"excerpt":{"rendered":"<p>Privacy &amp; Policy General Information The Star Coin Company (the &#8220;Company&#8221;, &#8220;we&#8221;, &#8220;our&#8221; or &#8220;us&#8221;) is committed to protecting the privacy and personal information of our customers and users of our website (the &#8220;Site&#8221;). This Privacy Policy explains what data we collect, how we use it, and the steps we take to protect it. Collection [&hellip;]<\/p>","protected":false},"author":2,"featured_media":0,"parent":0,"menu_order":0,"comment_status":"closed","ping_status":"closed","template":"","meta":{"_acf_changed":false,"nf_dc_page":"","inline_featured_image":false,"footnotes":""},"class_list":["post-270","page","type-page","status-publish","hentry"],"acf":[],"_hostinger_reach_plugin_has_subscription_block":false,"_hostinger_reach_plugin_is_elementor":false,"_links":{"self":[{"href":"https:\/\/strcoinltd.com\/cs\/wp-json\/wp\/v2\/pages\/270","targetHints":{"allow":["GET"]}}],"collection":[{"href":"https:\/\/strcoinltd.com\/cs\/wp-json\/wp\/v2\/pages"}],"about":[{"href":"https:\/\/strcoinltd.com\/cs\/wp-json\/wp\/v2\/types\/page"}],"author":[{"embeddable":true,"href":"https:\/\/strcoinltd.com\/cs\/wp-json\/wp\/v2\/users\/2"}],"replies":[{"embeddable":true,"href":"https:\/\/strcoinltd.com\/cs\/wp-json\/wp\/v2\/comments?post=270"}],"version-history":[{"count":5,"href":"https:\/\/strcoinltd.com\/cs\/wp-json\/wp\/v2\/pages\/270\/revisions"}],"predecessor-version":[{"id":2125,"href":"https:\/\/strcoinltd.com\/cs\/wp-json\/wp\/v2\/pages\/270\/revisions\/2125"}],"wp:attachment":[{"href":"https:\/\/strcoinltd.com\/cs\/wp-json\/wp\/v2\/media?parent=270"}],"curies":[{"name":"wp","href":"https:\/\/api.w.org\/{rel}","templated":true}]}}