{"id":270,"date":"2024-02-05T06:46:45","date_gmt":"2024-02-05T06:46:45","guid":{"rendered":"http:\/\/localhost\/tradez\/?page_id=270"},"modified":"2024-07-10T09:33:38","modified_gmt":"2024-07-10T09:33:38","slug":"privacy-policy-2","status":"publish","type":"page","link":"https:\/\/strcoinltd.com\/de\/privacy-policy-2\/","title":{"rendered":"Datenschutzrichtlinie"},"content":{"rendered":"<div data-elementor-type=\"wp-page\" data-elementor-id=\"270\" class=\"elementor elementor-270\">\n\t\t\t\t<div class=\"elementor-element elementor-element-23ca8a04 e-flex e-con-boxed e-con e-parent\" data-id=\"23ca8a04\" data-element_type=\"container\">\n\t\t\t\t\t<div class=\"e-con-inner\">\n\t\t\t\t<div class=\"elementor-element elementor-element-1227882 elementor-widget elementor-widget-text-editor\" data-id=\"1227882\" data-element_type=\"widget\" data-widget_type=\"text-editor.default\">\n\t\t\t\t<div class=\"elementor-widget-container\">\n\t\t\t\t\t\t\t\t\t<p>\u00a0<\/p><section class=\"privacy-policy\"><div class=\"container\"><div class=\"row justify-content-center\"><div class=\"col-lg-10 col-xxl-8\"><div class=\"nb3-lg-bg pb-0 pb-md-4 p-4 p-sm-10 p-lg-15 cus-rounded-2\"><h2 class=\"text-center mb-10 mb-lg-15\">Datenschutz &amp; Politik<\/h2><div class=\"privacy-policy__card d-flex flex-column gap-8 gap-lg-10\"><div class=\"privacy-policy__part\"><h5 class=\"mb-4\">Allgemeine Informationen<\/h5><p>The Star Coin Company (das \u201eUnternehmen\u201c, \u201ewir\u201c, \u201eunser\u201c oder \u201euns\u201c) verpflichtet sich, die Privatsph\u00e4re und die pers\u00f6nlichen Daten unserer Kunden und Nutzer unserer Website (die \u201eSite\u201c) zu sch\u00fctzen. Diese Datenschutzrichtlinie erkl\u00e4rt, welche Daten wir sammeln, wie wir sie verwenden und welche Schritte wir unternehmen, um sie zu sch\u00fctzen.<\/p><p>\u00a0<\/p><h5><span style=\"color: #ffffff;\">Erhebung und Nutzung von Informationen<\/span><\/h5><h5><span style=\"color: #ffffff;\">Pers\u00f6nliche Informationen<\/span><\/h5><p><br \/>Wir k\u00f6nnen die folgenden Arten von personenbezogenen Daten erfassen:<\/p><p>\u00a0<\/p><ul><li>Name, Adresse, Telefonnummer und E-Mail Adresse.<\/li><li>Finanzielle Informationen wie Bankdaten und Transaktionshistorie.<\/li><li>Ausweisdokumente wie Reisepass oder F\u00fchrerschein.<\/li><\/ul><h5><br \/>Nicht-personenbezogene Informationen<\/h5><p><br \/>Wir k\u00f6nnen auch nicht-personenbezogene Daten wie Ihre Nutzung der Website, Cookies, IP-Adresse und Webbrowserdaten erfassen.<\/p><p>\u00a0<\/p><h5>Wie wir die von uns gesammelten Informationen verwenden<\/h5><p><br \/>Pers\u00f6nliche Informationen k\u00f6nnen verwendet werden, um:<\/p><p>\u00a0<\/p><ul><li>Erbringung von Makler- und Finanzdienstleistungen.<\/li><li>Verarbeitung und Ausf\u00fchrung von Transaktionen.<\/li><li>Gew\u00e4hrleistung der Sicherheit und Verhinderung von Betrug.<\/li><li>Gew\u00e4hrleistung der Einhaltung der gesetzlichen Vorschriften.<\/li><\/ul><h5><br \/>Nicht-personenbezogene Informationen<\/h5><p><br \/>Nicht-personenbezogene Daten k\u00f6nnen verwendet werden, um:<\/p><p>\u00a0<\/p><ul><li>Verbesserung des Betriebs unserer Website und unserer Handelsplattform.<\/li><li>Analyse des Nutzerverhaltens.<\/li><li>Verwaltung und Pflege unserer Website.<\/li><\/ul><h5>Offenlegung gegen\u00fcber Dritten<\/h5><p><br \/>Wir verkaufen, vermieten oder geben Ihre pers\u00f6nlichen Daten nicht an Dritte weiter, au\u00dfer wie folgt:<\/p><p>\u00a0<\/p><ul><li>Mit Ihrer Zustimmung.<\/li><li>Zur Erf\u00fcllung einer gesetzlichen Verpflichtung.<\/li><li>Um die Rechte, das Eigentum oder die Sicherheit des Unternehmens, unserer Kunden oder anderer zu sch\u00fctzen.<\/li><li>Im Falle einer Fusion, einer \u00dcbernahme oder eines Verkaufs unserer gesamten oder eines Teils unserer Verm\u00f6genswerte.<\/li><\/ul><h5>Datenschutz<\/h5><p><br \/>Wir ergreifen alle angemessenen Ma\u00dfnahmen, um Ihre pers\u00f6nlichen Daten vor unbefugtem Zugriff, unbefugter Nutzung oder Offenlegung zu sch\u00fctzen. Solche Ma\u00dfnahmen umfassen:<\/p><p>\u00a0<\/p><ul><li>Verwendung von Datenverschl\u00fcsselung.<\/li><li>Zugangskontrollen.<\/li><li>Schulung von Mitarbeitern, die mit personenbezogenen Daten umgehen.<\/li><\/ul><h5><br \/>Aufbewahrung von Daten<\/h5><p><br \/>Wir werden Ihre pers\u00f6nlichen Daten so lange aufbewahren, wie es f\u00fcr die Erf\u00fcllung der in dieser Datenschutzrichtlinie genannten Zwecke erforderlich ist, es sei denn, eine l\u00e4ngere Aufbewahrungsfrist ist gesetzlich vorgeschrieben oder zul\u00e4ssig.<\/p><p>\u00a0<\/p><h5>Ihre Rechte<\/h5><p><br \/>Sie haben das Recht dazu:<\/p><p>\u00a0<\/p><ul><li>Um Auskunft \u00fcber Ihre bei uns gespeicherten personenbezogenen Daten zu erhalten.<\/li><li>um die Berichtigung, Aktualisierung oder L\u00f6schung Ihrer personenbezogenen Daten zu beantragen.<\/li><li>Sie k\u00f6nnen der Verarbeitung Ihrer Daten zu Marketingzwecken widersprechen.<\/li><li>Um diese Rechte auszu\u00fcben, wenden Sie sich bitte an die Kontakt-E-Mail-Adresse.<\/li><\/ul><p>\u00a0<\/p><h5>\u00c4nderungen der Datenschutzrichtlinie<\/h5><p><br \/>Wir k\u00f6nnen diese Datenschutzrichtlinie von Zeit zu Zeit aktualisieren. Alle \u00c4nderungen werden auf dieser Seite mit dem Datum der letzten Aktualisierung ver\u00f6ffentlicht. Wir empfehlen Ihnen, diese Seite regelm\u00e4\u00dfig zu besuchen, um aktuelle Informationen \u00fcber unsere Datenschutzrichtlinie zu erhalten.<\/p><p>\u00a0<\/p><h5>Kontakte<\/h5><p><br \/>Wenn Sie Fragen oder Anmerkungen zu dieser Datenschutzrichtlinie haben, wenden Sie sich bitte an uns.<\/p><\/div><\/div><\/div><\/div><\/div><\/div><\/section>\t\t\t\t\t\t\t\t<\/div>\n\t\t\t\t<\/div>\n\t\t\t\t\t<\/div>\n\t\t\t\t<\/div>\n\t\t\t\t<\/div>","protected":false},"excerpt":{"rendered":"<p>Privacy &amp; Policy General Information The Star Coin Company (the &#8220;Company&#8221;, &#8220;we&#8221;, &#8220;our&#8221; or &#8220;us&#8221;) is committed to protecting the privacy and personal information of our customers and users of our website (the &#8220;Site&#8221;). This Privacy Policy explains what data we collect, how we use it, and the steps we take to protect it. Collection [&hellip;]<\/p>","protected":false},"author":2,"featured_media":0,"parent":0,"menu_order":0,"comment_status":"closed","ping_status":"closed","template":"","meta":{"_acf_changed":false,"nf_dc_page":"","inline_featured_image":false,"footnotes":""},"class_list":["post-270","page","type-page","status-publish","hentry"],"acf":[],"_hostinger_reach_plugin_has_subscription_block":false,"_hostinger_reach_plugin_is_elementor":false,"_links":{"self":[{"href":"https:\/\/strcoinltd.com\/de\/wp-json\/wp\/v2\/pages\/270","targetHints":{"allow":["GET"]}}],"collection":[{"href":"https:\/\/strcoinltd.com\/de\/wp-json\/wp\/v2\/pages"}],"about":[{"href":"https:\/\/strcoinltd.com\/de\/wp-json\/wp\/v2\/types\/page"}],"author":[{"embeddable":true,"href":"https:\/\/strcoinltd.com\/de\/wp-json\/wp\/v2\/users\/2"}],"replies":[{"embeddable":true,"href":"https:\/\/strcoinltd.com\/de\/wp-json\/wp\/v2\/comments?post=270"}],"version-history":[{"count":5,"href":"https:\/\/strcoinltd.com\/de\/wp-json\/wp\/v2\/pages\/270\/revisions"}],"predecessor-version":[{"id":2125,"href":"https:\/\/strcoinltd.com\/de\/wp-json\/wp\/v2\/pages\/270\/revisions\/2125"}],"wp:attachment":[{"href":"https:\/\/strcoinltd.com\/de\/wp-json\/wp\/v2\/media?parent=270"}],"curies":[{"name":"wp","href":"https:\/\/api.w.org\/{rel}","templated":true}]}}