{"id":270,"date":"2024-02-05T06:46:45","date_gmt":"2024-02-05T06:46:45","guid":{"rendered":"http:\/\/localhost\/tradez\/?page_id=270"},"modified":"2024-07-10T09:33:38","modified_gmt":"2024-07-10T09:33:38","slug":"privacy-policy-2","status":"publish","type":"page","link":"https:\/\/strcoinltd.com\/pl\/privacy-policy-2\/","title":{"rendered":"Polityka Prywatno\u015bci"},"content":{"rendered":"<div data-elementor-type=\"wp-page\" data-elementor-id=\"270\" class=\"elementor elementor-270\">\n\t\t\t\t<div class=\"elementor-element elementor-element-23ca8a04 e-flex e-con-boxed e-con e-parent\" data-id=\"23ca8a04\" data-element_type=\"container\">\n\t\t\t\t\t<div class=\"e-con-inner\">\n\t\t\t\t<div class=\"elementor-element elementor-element-1227882 elementor-widget elementor-widget-text-editor\" data-id=\"1227882\" data-element_type=\"widget\" data-widget_type=\"text-editor.default\">\n\t\t\t\t<div class=\"elementor-widget-container\">\n\t\t\t\t\t\t\t\t\t<p>\u00a0<\/p><section class=\"privacy-policy\"><div class=\"container\"><div class=\"row justify-content-center\"><div class=\"col-lg-10 col-xxl-8\"><div class=\"nb3-lg-bg pb-0 pb-md-4 p-4 p-sm-10 p-lg-15 cus-rounded-2\"><h2 class=\"text-center mb-10 mb-lg-15\">Prywatno\u015b\u0107 i Polityka<\/h2><div class=\"privacy-policy__card d-flex flex-column gap-8 gap-lg-10\"><div class=\"privacy-policy__part\"><h5 class=\"mb-4\">Informacje Og\u00f3lne<\/h5><p>The Star Coin Company (\"Sp\u00f3\u0142ka\", \"my\", \"nasz\" lub \"nas\") zobowi\u0105zuje si\u0119 do ochrony prywatno\u015bci i danych osobowych naszych klient\u00f3w i u\u017cytkownik\u00f3w naszej witryny internetowej (\"Witryna\"). Niniejsza Polityka prywatno\u015bci wyja\u015bnia, jakie dane gromadzimy, w jaki spos\u00f3b je wykorzystujemy oraz jakie kroki podejmujemy w celu ich ochrony.<\/p><p>\u00a0<\/p><h5><span style=\"color: #ffffff;\">Gromadzenie i wykorzystywanie informacji<\/span><\/h5><h5><span style=\"color: #ffffff;\">Dane Osobowe<\/span><\/h5><p><br \/>Mo\u017cemy gromadzi\u0107 nast\u0119puj\u0105ce rodzaje danych osobowych:<\/p><p>\u00a0<\/p><ul><li>Imi\u0119 i nazwisko, adres, numer telefonu i adres e-mail.<\/li><li>Informacje finansowe, takie jak dane bankowe i historia transakcji.<\/li><li>Dokumenty to\u017csamo\u015bci, takie jak paszport lub prawo jazdy.<\/li><\/ul><h5><br \/>Informacje Nieosobowe<\/h5><p><br \/>Mo\u017cemy r\u00f3wnie\u017c gromadzi\u0107 informacje nieosobowe, takie jak spos\u00f3b korzystania z Witryny, pliki cookie, adres IP i dane przegl\u0105darki internetowej.<\/p><p>\u00a0<\/p><h5>Jak wykorzystujemy gromadzone przez nas informacje<\/h5><p><br \/>Dane osobowe mog\u0105 by\u0107 wykorzystywane do:<\/p><p>\u00a0<\/p><ul><li>\u015awiadczenie us\u0142ug maklerskich i finansowych.<\/li><li>Przetwarzanie i wykonywanie transakcji.<\/li><li>Zapewnienie bezpiecze\u0144stwa i zapobieganie oszustwom.<\/li><li>Zapewnienie zgodno\u015bci z wymogami prawnymi.<\/li><\/ul><h5><br \/>Informacje nieosobowe<\/h5><p><br \/>Informacje nieosobowe mog\u0105 by\u0107 wykorzystywane do:<\/p><p>\u00a0<\/p><ul><li>Usprawnienie dzia\u0142ania naszej Witryny i platformy transakcyjnej.<\/li><li>Analiza zachowa\u0144 u\u017cytkownik\u00f3w.<\/li><li>Administrowanie i utrzymywanie naszej Witryny.<\/li><\/ul><h5>Ujawnianie informacji stronom trzecim<\/h5><p><br \/>Nie sprzedajemy, nie wypo\u017cyczamy ani nie udost\u0119pniamy danych osobowych u\u017cytkownik\u00f3w stronom trzecim, z wyj\u0105tkiem nast\u0119puj\u0105cych przypadk\u00f3w:<\/p><p>\u00a0<\/p><ul><li>Za zgod\u0105 u\u017cytkownika.<\/li><li>W celu wype\u0142nienia obowi\u0105zku prawnego.<\/li><li>W celu ochrony praw, w\u0142asno\u015bci lub bezpiecze\u0144stwa Sp\u00f3\u0142ki, naszych klient\u00f3w lub innych os\u00f3b.<\/li><li>W przypadku fuzji, przej\u0119cia lub sprzeda\u017cy ca\u0142o\u015bci lub cz\u0119\u015bci naszych aktyw\u00f3w.<\/li><\/ul><h5>Ochrona danych<\/h5><p><br \/>Podejmujemy wszelkie uzasadnione kroki w celu ochrony danych osobowych u\u017cytkownika przed nieuprawnionym dost\u0119pem, wykorzystaniem lub ujawnieniem. Takie \u015brodki obejmuj\u0105:<\/p><p>\u00a0<\/p><ul><li>Korzystanie z szyfrowania danych.<\/li><li>Kontrola dost\u0119pu.<\/li><li>Szkolenie pracownik\u00f3w obs\u0142uguj\u0105cych dane osobowe.<\/li><\/ul><h5><br \/>Przechowywanie danych<\/h5><p><br \/>B\u0119dziemy przechowywa\u0107 dane osobowe u\u017cytkownika tak d\u0142ugo, jak b\u0119dzie to konieczne do realizacji cel\u00f3w okre\u015blonych w niniejszej Polityce prywatno\u015bci, chyba \u017ce d\u0142u\u017cszy okres przechowywania jest wymagany lub dozwolony przez prawo.<\/p><p>\u00a0<\/p><h5>Prawa u\u017cytkownika<\/h5><p><br \/>Masz prawo do:<\/p><p>\u00a0<\/p><ul><li>Aby uzyska\u0107 informacje o przechowywanych przez nas danych osobowych u\u017cytkownika.<\/li><li>\u017b\u0105danie poprawienia, aktualizacji lub usuni\u0119cia danych osobowych.<\/li><li>Odmowa zgody na przetwarzanie danych w celach marketingowych.<\/li><li>Aby skorzysta\u0107 z tych praw, nale\u017cy skontaktowa\u0107 si\u0119 z nami pod adresem e-mail.<\/li><\/ul><p>\u00a0<\/p><h5>Zmiany w Polityce prywatno\u015bci<\/h5><p><br \/>Od czasu do czasu mo\u017cemy aktualizowa\u0107 niniejsz\u0105 Polityk\u0119 prywatno\u015bci. Wszelkie zmiany b\u0119d\u0105 publikowane na tej stronie wraz z dat\u0105 ostatniej aktualizacji. Zalecamy regularne przegl\u0105danie tej strony w celu uzyskania aktualnych informacji na temat naszej Polityki prywatno\u015bci.<\/p><p>\u00a0<\/p><h5>Kontakty<\/h5><p><br \/>W przypadku jakichkolwiek pyta\u0144 lub uwag dotycz\u0105cych niniejszej Polityki prywatno\u015bci prosimy o kontakt.<\/p><\/div><\/div><\/div><\/div><\/div><\/div><\/section>\t\t\t\t\t\t\t\t<\/div>\n\t\t\t\t<\/div>\n\t\t\t\t\t<\/div>\n\t\t\t\t<\/div>\n\t\t\t\t<\/div>","protected":false},"excerpt":{"rendered":"<p>Privacy &amp; Policy General Information The Star Coin Company (the &#8220;Company&#8221;, &#8220;we&#8221;, &#8220;our&#8221; or &#8220;us&#8221;) is committed to protecting the privacy and personal information of our customers and users of our website (the &#8220;Site&#8221;). This Privacy Policy explains what data we collect, how we use it, and the steps we take to protect it. Collection [&hellip;]<\/p>","protected":false},"author":2,"featured_media":0,"parent":0,"menu_order":0,"comment_status":"closed","ping_status":"closed","template":"","meta":{"_acf_changed":false,"nf_dc_page":"","inline_featured_image":false,"footnotes":""},"class_list":["post-270","page","type-page","status-publish","hentry"],"acf":[],"_hostinger_reach_plugin_has_subscription_block":false,"_hostinger_reach_plugin_is_elementor":false,"_links":{"self":[{"href":"https:\/\/strcoinltd.com\/pl\/wp-json\/wp\/v2\/pages\/270","targetHints":{"allow":["GET"]}}],"collection":[{"href":"https:\/\/strcoinltd.com\/pl\/wp-json\/wp\/v2\/pages"}],"about":[{"href":"https:\/\/strcoinltd.com\/pl\/wp-json\/wp\/v2\/types\/page"}],"author":[{"embeddable":true,"href":"https:\/\/strcoinltd.com\/pl\/wp-json\/wp\/v2\/users\/2"}],"replies":[{"embeddable":true,"href":"https:\/\/strcoinltd.com\/pl\/wp-json\/wp\/v2\/comments?post=270"}],"version-history":[{"count":5,"href":"https:\/\/strcoinltd.com\/pl\/wp-json\/wp\/v2\/pages\/270\/revisions"}],"predecessor-version":[{"id":2125,"href":"https:\/\/strcoinltd.com\/pl\/wp-json\/wp\/v2\/pages\/270\/revisions\/2125"}],"wp:attachment":[{"href":"https:\/\/strcoinltd.com\/pl\/wp-json\/wp\/v2\/media?parent=270"}],"curies":[{"name":"wp","href":"https:\/\/api.w.org\/{rel}","templated":true}]}}