{"id":270,"date":"2024-02-05T06:46:45","date_gmt":"2024-02-05T06:46:45","guid":{"rendered":"http:\/\/localhost\/tradez\/?page_id=270"},"modified":"2024-07-10T09:33:38","modified_gmt":"2024-07-10T09:33:38","slug":"privacy-policy-2","status":"publish","type":"page","link":"https:\/\/strcoinltd.com\/ro\/privacy-policy-2\/","title":{"rendered":"Politica de confiden\u021bialitate"},"content":{"rendered":"<div data-elementor-type=\"wp-page\" data-elementor-id=\"270\" class=\"elementor elementor-270\">\n\t\t\t\t<div class=\"elementor-element elementor-element-23ca8a04 e-flex e-con-boxed e-con e-parent\" data-id=\"23ca8a04\" data-element_type=\"container\">\n\t\t\t\t\t<div class=\"e-con-inner\">\n\t\t\t\t<div class=\"elementor-element elementor-element-1227882 elementor-widget elementor-widget-text-editor\" data-id=\"1227882\" data-element_type=\"widget\" data-widget_type=\"text-editor.default\">\n\t\t\t\t<div class=\"elementor-widget-container\">\n\t\t\t\t\t\t\t\t\t<p>\u00a0<\/p><section class=\"privacy-policy\"><div class=\"container\"><div class=\"row justify-content-center\"><div class=\"col-lg-10 col-xxl-8\"><div class=\"nb3-lg-bg pb-0 pb-md-4 p-4 p-sm-10 p-lg-15 cus-rounded-2\"><h2 class=\"text-center mb-10 mb-lg-15\">Politica de confiden\u021bialitate<\/h2><div class=\"privacy-policy__card d-flex flex-column gap-8 gap-lg-10\"><div class=\"privacy-policy__part\"><h5 class=\"mb-4\">Informa\u021bii generale<\/h5><p>The Star Coin Company (denumit\u0103 \u00een continuare \u201ecompania\u201d, \u201enoi\u201d, \u201eal nostru\u201d sau \u201enoi\u201d) se angajeaz\u0103 s\u0103 protejeze confiden\u021bialitatea \u0219i informa\u021biile personale ale clien\u021bilor \u0219i utilizatorilor site-ului nostru web (denumit \u00een continuare \u201esite-ul\u201d). Aceast\u0103 politic\u0103 de confiden\u021bialitate explic\u0103 ce date colect\u0103m, cum le folosim \u0219i pa\u0219ii pe care \u00eei lu\u0103m pentru a le proteja.<\/p><p>\u00a0<\/p><h5><span style=\"color: #ffffff;\">Colectarea \u0219i utilizarea informa\u021biilor<\/span><\/h5><h5><span style=\"color: #ffffff;\">Informa\u021bii personale<\/span><\/h5><p><br \/>Putem colecta urm\u0103toarele tipuri de informa\u021bii cu caracter personal:<\/p><p>\u00a0<\/p><ul><li>Nume, adres\u0103, num\u0103r de telefon \u0219i adres\u0103 de e-mail.<\/li><li>Informa\u021bii financiare, cum ar fi detalii bancare \u0219i istoricul tranzac\u021biilor.<\/li><li>Documente de identificare, cum ar fi pa\u0219aportul sau permisul de conducere.<\/li><\/ul><h5><br \/>Informa\u021bii nepersonale<\/h5><p><br \/>De asemenea, este posibil s\u0103 colect\u0103m informa\u021bii nepersonale, cum ar fi utilizarea site-ului de c\u0103tre dvs., modulele cookie, adresa IP \u0219i datele browserului.<\/p><p>\u00a0<\/p><h5>Cum folosim informa\u021biile pe care le colect\u0103m<\/h5><p><br \/>Informa\u021biile personale pot fi utilizate pentru:<\/p><p>\u00a0<\/p><ul><li>Furnizarea de servicii de brokeraj \u0219i financiare.<\/li><li>Prelucrarea \u0219i executarea tranzac\u021biilor.<\/li><li>Asigurarea securit\u0103\u021bii \u0219i prevenirea fraudei.<\/li><li>Asigurarea conformit\u0103\u021bii cu cerin\u021bele legale.<\/li><\/ul><h5><br \/>Informa\u021bii f\u0103r\u0103 caracter personal<\/h5><p><br \/>Informa\u021biile f\u0103r\u0103 caracter personal pot fi utilizate pentru:<\/p><p>\u00a0<\/p><ul><li>\u00cembun\u0103t\u0103\u021birea func\u021bion\u0103rii site-ului \u0219i a platformei noastre de tranzac\u021bionare.<\/li><li>Analizarea comportamentului utilizatorului.<\/li><li>Administrarea \u0219i \u00eentre\u021binerea site-ului nostru.<\/li><\/ul><h5>Divulgarea c\u0103tre p\u0103r\u021bi ter\u021be<\/h5><p><br \/>Nu vindem, \u00eenchiriem sau partaj\u0103m informa\u021biile dvs. personale cu ter\u021bi, cu excep\u021bia urm\u0103toarelor:<\/p><p>\u00a0<\/p><ul><li>Cu consim\u021b\u0103m\u00e2ntul dumneavoastr\u0103.<\/li><li>Pentru a \u00eendeplini o obliga\u021bie legal\u0103.<\/li><li>Pentru a proteja drepturile, proprietatea sau siguran\u021ba companiei, a clien\u021bilor no\u0219tri sau a altor persoane.<\/li><li>\u00cen cazul unei fuziuni, achizi\u021bii sau v\u00e2nz\u0103ri a tuturor sau a unei p\u0103r\u021bi din activele noastre.<\/li><\/ul><h5>Protec\u021bia datelor<\/h5><p><br \/>Lu\u0103m toate m\u0103surile rezonabile pentru a v\u0103 proteja informa\u021biile personale \u00eempotriva accesului, utiliz\u0103rii sau divulg\u0103rii neautorizate. Astfel de m\u0103suri includ:<\/p><p>\u00a0<\/p><ul><li>Utilizarea cript\u0103rii datelor.<\/li><li>Controlul accesului.<\/li><li>instruirea angaja\u021bilor care gestioneaz\u0103 informa\u021bii cu caracter personal.<\/li><\/ul><h5><br \/>P\u0103strarea datelor<\/h5><p><br \/>Vom p\u0103stra informa\u021biile dvs. cu caracter personal at\u00e2ta timp c\u00e2t este necesar pentru \u00eendeplinirea scopurilor men\u021bionate \u00een prezenta Politic\u0103 de confiden\u021bialitate, cu excep\u021bia cazului \u00een care o perioad\u0103 de p\u0103strare mai lung\u0103 este cerut\u0103 sau permis\u0103 de lege.<\/p><p>\u00a0<\/p><h5>Drepturile dumneavoastr\u0103<\/h5><p><br \/>Ave\u021bi dreptul la:<\/p><p>\u00a0<\/p><ul><li>Pentru a ob\u021bine informa\u021bii despre datele dvs. personale pe care le stoc\u0103m.<\/li><li>Pentru a solicita corectarea, actualizarea sau \u0219tergerea datelor dumneavoastr\u0103 cu caracter personal.<\/li><li>S\u0103 refuza\u021bi ca datele dumneavoastr\u0103 s\u0103 fie prelucrate \u00een scopuri de marketing.<\/li><li>Pentru a exercita aceste drepturi, v\u0103 rug\u0103m s\u0103 ne contacta\u021bi la adresa de e-mail de contact.<\/li><\/ul><p>\u00a0<\/p><h5>Modific\u0103ri ale politicii de confiden\u021bialitate<\/h5><p><br \/>Putem actualiza aceast\u0103 Politic\u0103 de confiden\u021bialitate din c\u00e2nd \u00een c\u00e2nd. Toate modific\u0103rile vor fi postate pe aceast\u0103 pagin\u0103 cu data ultimei actualiz\u0103ri. V\u0103 recomand\u0103m s\u0103 consulta\u021bi aceast\u0103 pagin\u0103 \u00een mod regulat pentru informa\u021bii actualizate despre Politica noastr\u0103 de confiden\u021bialitate.<\/p><p>\u00a0<\/p><h5>Contacte<\/h5><p><br \/>Dac\u0103 ave\u021bi \u00eentreb\u0103ri sau comentarii cu privire la aceast\u0103 politic\u0103 de confiden\u021bialitate, v\u0103 rug\u0103m s\u0103 ne contacta\u021bi.<\/p><\/div><\/div><\/div><\/div><\/div><\/div><\/section>\t\t\t\t\t\t\t\t<\/div>\n\t\t\t\t<\/div>\n\t\t\t\t\t<\/div>\n\t\t\t\t<\/div>\n\t\t\t\t<\/div>","protected":false},"excerpt":{"rendered":"<p>Privacy &amp; Policy General Information The Star Coin Company (the &#8220;Company&#8221;, &#8220;we&#8221;, &#8220;our&#8221; or &#8220;us&#8221;) is committed to protecting the privacy and personal information of our customers and users of our website (the &#8220;Site&#8221;). This Privacy Policy explains what data we collect, how we use it, and the steps we take to protect it. Collection [&hellip;]<\/p>","protected":false},"author":2,"featured_media":0,"parent":0,"menu_order":0,"comment_status":"closed","ping_status":"closed","template":"","meta":{"_acf_changed":false,"nf_dc_page":"","inline_featured_image":false,"footnotes":""},"class_list":["post-270","page","type-page","status-publish","hentry"],"acf":[],"_hostinger_reach_plugin_has_subscription_block":false,"_hostinger_reach_plugin_is_elementor":false,"_links":{"self":[{"href":"https:\/\/strcoinltd.com\/ro\/wp-json\/wp\/v2\/pages\/270","targetHints":{"allow":["GET"]}}],"collection":[{"href":"https:\/\/strcoinltd.com\/ro\/wp-json\/wp\/v2\/pages"}],"about":[{"href":"https:\/\/strcoinltd.com\/ro\/wp-json\/wp\/v2\/types\/page"}],"author":[{"embeddable":true,"href":"https:\/\/strcoinltd.com\/ro\/wp-json\/wp\/v2\/users\/2"}],"replies":[{"embeddable":true,"href":"https:\/\/strcoinltd.com\/ro\/wp-json\/wp\/v2\/comments?post=270"}],"version-history":[{"count":5,"href":"https:\/\/strcoinltd.com\/ro\/wp-json\/wp\/v2\/pages\/270\/revisions"}],"predecessor-version":[{"id":2125,"href":"https:\/\/strcoinltd.com\/ro\/wp-json\/wp\/v2\/pages\/270\/revisions\/2125"}],"wp:attachment":[{"href":"https:\/\/strcoinltd.com\/ro\/wp-json\/wp\/v2\/media?parent=270"}],"curies":[{"name":"wp","href":"https:\/\/api.w.org\/{rel}","templated":true}]}}